{"id":1256,"date":"2022-01-14T01:32:43","date_gmt":"2022-01-14T01:32:43","guid":{"rendered":"http:\/\/lexizille.ruhrbazille.de\/?page_id=1256"},"modified":"2022-01-14T01:32:43","modified_gmt":"2022-01-14T01:32:43","slug":"baustelle-im-aufbau","status":"publish","type":"page","link":"http:\/\/lexizille.ruhrbazille.de\/?page_id=1256","title":{"rendered":"Baustelle (im Aufbau)"},"content":{"rendered":"<p>In diesem Men\u00fcbaum werden Seiten, Kategorien und Themenfelder aufgef\u00fchrt, die sich mehr oder weniger noch komplett im Aufbau befinden. Aber ein paar Blogeintr\u00e4ge <em>gibbet<\/em> schon <img decoding=\"async\" src=\"http:\/\/lexizille.ruhrbazille.de\/wp-content\/plugins\/best-editor\/plugins\/emoticons\/img\/smiley-wink.gif\" alt=\"wink\" \/><\/p>\n","protected":false},"excerpt":{"rendered":"<div class=\"mh-excerpt\"><p>In diesem Men\u00fcbaum werden Seiten, Kategorien und Themenfelder aufgef\u00fchrt, die sich mehr oder weniger noch komplett im Aufbau befinden. Aber ein paar Blogeintr\u00e4ge gibbet schon<\/p>\n<\/div>","protected":false},"author":1,"featured_media":0,"parent":0,"menu_order":0,"comment_status":"closed","ping_status":"closed","template":"","meta":[],"_links":{"self":[{"href":"http:\/\/lexizille.ruhrbazille.de\/index.php?rest_route=\/wp\/v2\/pages\/1256"}],"collection":[{"href":"http:\/\/lexizille.ruhrbazille.de\/index.php?rest_route=\/wp\/v2\/pages"}],"about":[{"href":"http:\/\/lexizille.ruhrbazille.de\/index.php?rest_route=\/wp\/v2\/types\/page"}],"author":[{"embeddable":true,"href":"http:\/\/lexizille.ruhrbazille.de\/index.php?rest_route=\/wp\/v2\/users\/1"}],"replies":[{"embeddable":true,"href":"http:\/\/lexizille.ruhrbazille.de\/index.php?rest_route=%2Fwp%2Fv2%2Fcomments&post=1256"}],"version-history":[{"count":1,"href":"http:\/\/lexizille.ruhrbazille.de\/index.php?rest_route=\/wp\/v2\/pages\/1256\/revisions"}],"predecessor-version":[{"id":1257,"href":"http:\/\/lexizille.ruhrbazille.de\/index.php?rest_route=\/wp\/v2\/pages\/1256\/revisions\/1257"}],"wp:attachment":[{"href":"http:\/\/lexizille.ruhrbazille.de\/index.php?rest_route=%2Fwp%2Fv2%2Fmedia&parent=1256"}],"curies":[{"name":"wp","href":"https:\/\/api.w.org\/{rel}","templated":true}]}}