{"id":182,"date":"2020-02-06T23:36:33","date_gmt":"2020-02-06T23:36:33","guid":{"rendered":"http:\/\/lexizille.ruhrbazille.de\/?page_id=182"},"modified":"2020-12-01T13:30:00","modified_gmt":"2020-12-01T13:30:00","slug":"strucktur-woertabuch","status":"publish","type":"page","link":"http:\/\/lexizille.ruhrbazille.de\/?page_id=182","title":{"rendered":""},"content":{"rendered":"<div class=\"su-heading su-heading-style-default su-heading-align-center\" id=\"\" style=\"font-size:13px;margin-bottom:20px\"><div class=\"su-heading-inner\"><span style=\"font-size: 20px;\">Seitenstruktur W\u00f6rtabuch Pottsprache<\/span><\/div><\/div>\n<div id=\"OKAYFREEDOM_INJECTED\" style=\"display: none;\"><\/div>\n<p>Das W\u00f6rterbuch erreicht Ihr in der Hauptmen\u00fcleiste unter dem Men\u00fcpunkt <a href=\"http:\/\/lexizille.ruhrbazille.de\/?page_id=251\"><em>&#8222;W\u00f6rtabuch A-Z&#8220;<\/em> <\/a><img decoding=\"async\" src=\"http:\/\/lexizille.ruhrbazille.de\/wp-content\/plugins\/best-editor\/plugins\/emoticons\/img\/smiley-wink.gif\" alt=\"wink\" \/><\/p>\n<p>Wir werden unser Ruhrisches W\u00f6rterbuch folgenderma\u00dfen strukturieren:<\/p>\n<ul>\n<li>Die Richtung ist \u00fcberwiegend\u00a0 Ruhrdeutsch <i class=\"fa fa-hand-o-right \"><\/i> Deutsch<\/li>\n<li>Kommentar zum Wort oder Satz<\/li>\n<li>Beispiele und Bedeutungen<\/li>\n<li>Satirische Einlassungen<\/li>\n<li>Auf Dativ, Genitiv und son Kram verzichten wir. Damit ham wat nich so im Pott <img decoding=\"async\" src=\"http:\/\/lexizille.ruhrbazille.de\/wp-content\/plugins\/best-editor\/plugins\/emoticons\/img\/smiley-cool.gif\" alt=\"cool\" \/><\/li>\n<li>Aber die Zeitformen werden wir ab und an mit reinbringen.<\/li>\n<\/ul>\n<p>&nbsp;<\/p>\n<p><span style=\"text-decoration: underline; font-size: 20px;\"><strong>Beispiel:<\/strong><\/span> <span style=\"font-size: 20px; font-family: book antiqua, palatino, serif;\"><strong><i class=\"fa fa-hand-o-right \" style=\"color: #000000;\"><\/i> l\u00e4sen\u00a0 -lesen &#8211;<br \/>\n<\/strong><\/span><\/p>\n<table style=\"width: 100%; border-collapse: collapse; border-style: hidden; border-color: #ad0000; background-color: #aee4e6; height: 100px;\">\n<tbody>\n<tr style=\"height: 20px;\">\n<td style=\"width: 20.2419%; text-align: center; height: 20px;\"><span style=\"color: #ffffff; background-color: #333333;\"><span style=\"text-decoration: underline;\"><strong>\u00a0\u00a0\u00a0\u00a0\u00a0 Zeiten\u00a0\u00a0\u00a0 \u00a0 \u00a0 <\/strong><\/span><br \/>\n<\/span><\/td>\n<td style=\"width: 40.4839%; text-align: center; height: 20px;\"><span style=\"text-decoration: underline; background-color: #333333; color: #ffffff;\"><strong>\u00a0\u00a0\u00a0\u00a0\u00a0 Ruhrdeutsch (P\u00f6ttisch-Ruhrisch)\u00a0\u00a0\u00a0\u00a0\u00a0\u00a0 .<br \/>\n<\/strong><\/span><\/td>\n<td style=\"width: 39.1936%; text-align: center; height: 20px;\"><span style=\"text-decoration: underline; background-color: #333333; color: #ffffff;\"><strong>\u00a0\u00a0\u00a0\u00a0\u00a0\u00a0\u00a0\u00a0\u00a0\u00a0\u00a0\u00a0 Deutsch\u00a0\u00a0\u00a0\u00a0\u00a0\u00a0\u00a0\u00a0\u00a0\u00a0 .<br \/>\n<\/strong><\/span><\/td>\n<\/tr>\n<tr style=\"height: 20px;\">\n<td style=\"width: 20.2419%; height: 20px;\"><span style=\"color: #993300;\">Pr\u00e4sens \/Gegenwart<\/span><\/td>\n<td style=\"width: 40.4839%; height: 20px;\">\u00a0ich l\u00e4se &#8211; ihr <strong>l\u00e4st\u00a0<\/strong> &#8211; du <strong>lie\u00dft<\/strong> <em>o.<\/em> du tust l\u00e4sen<\/td>\n<td style=\"width: 39.1936%; height: 20px;\">ich lese &#8211; ihr lest . du liest<\/td>\n<\/tr>\n<tr style=\"height: 20px;\">\n<td style=\"width: 20.2419%; height: 20px;\"><span style=\"color: #993300;\">Perfekt- vollendete Vergangenheit<\/span><\/td>\n<td style=\"width: 40.4839%; height: 20px;\">ich hab dat <strong>gel\u00e4sen<\/strong> &#8211; er tut dat <strong>gel\u00e4sen<\/strong> ham\u00a0 <em><span>F: <\/span><\/em>Hasse dat <strong>gel\u00e4sen<\/strong><\/td>\n<td style=\"width: 39.1936%; height: 20px;\">ich habe das gelesen &#8211; er hat es gelesen &#8211;<em><span> F: <\/span><\/em>Hast du das gelesen<\/td>\n<\/tr>\n<tr style=\"height: 20px;\">\n<td style=\"width: 20.2419%; height: 20px;\"><span style=\"color: #993300;\">Pr\u00e4teritum &#8211; Vergangenheit<\/span><\/td>\n<td style=\"width: 40.4839%; height: 20px;\">ich lahs &#8211; du <em><strong>lahst<\/strong><\/em><\/td>\n<td style=\"width: 39.1936%; height: 20px;\">ich las &#8211; du last<\/td>\n<\/tr>\n<tr style=\"height: 20px;\">\n<td style=\"width: 20.2419%; height: 20px;\"><span style=\"color: #993300;\">Futur &#8211; Zukunft<\/span><\/td>\n<td style=\"width: 40.4839%; height: 20px;\"><span><em>F:<\/em><\/span> Tusse dat morgen l\u00e4sen? I- Ich w\u00e4rt dat morgen l\u00e4sen<\/td>\n<td style=\"width: 39.1936%; height: 20px;\"><em><span> F:Kannst du das morgen lesen? Ich werde das morgen lesen<\/span><\/em><\/td>\n<\/tr>\n<\/tbody>\n<\/table>\n<p>&nbsp;<\/p>\n<ul>\n<li><span style=\"text-decoration: underline;\"><strong>Kommentar des Autor<\/strong><\/span><\/li>\n<li><span style=\"text-decoration: underline;\"><strong>Umschau-Lexikon<\/strong><\/span><\/li>\n<\/ul>\n<p style=\"padding-left: 120px;\">z..B<\/p>\n<p style=\"padding-left: 120px;\"><span><strong> <i class=\"fa fa-caret-square-o-up \"><span id=\"wiki-tooltip-1\" data-tooltip-content=\"#wiki-tooltip-box-1\" data-wiki_num=\"1\" data-wiki_id=\"77293\" data-wiki_title=\"Lesen\" data-wiki_section=\"\" data-wiki_base_url=\"https:\/\/de.wikipedia.org\/w\/api.php\" data-wiki_url=\"https:\/\/de.wikipedia.org\/wiki\/Lesen\" data-wiki_thumbnail=\"default\"><a class=\"wiki-tooltip\" href=\"https:\/\/de.wikipedia.org\/wiki\/Lesen\" target=\"_blank\" rel=\"noopener noreferrer\" onclick=\"return isClickEnabled( 'hover', 'none' );\">wiki<\/a><\/span><\/i><\/strong><\/span><\/p>\n<p><a href=\"http:\/\/lexizille.ruhrbazille.de\/?page_id=930\">Beispiel Struktur NAV\/Tabelle<\/a><\/p>\n<p>Die \u00dcbersicht wird dann auf der Startseite nach Buchstaben erfolgen-in einem Widget der die Schlagw\u00f6rtas verlinkt !<\/p>\n<p>&nbsp;<\/p>\n","protected":false},"excerpt":{"rendered":"<div class=\"mh-excerpt\"><p>Das W\u00f6rterbuch erreicht Ihr in der Hauptmen\u00fcleiste unter dem Men\u00fcpunkt &#8222;W\u00f6rtabuch A-Z&#8220; Wir werden unser Ruhrisches W\u00f6rterbuch folgenderma\u00dfen strukturieren: Die Richtung ist \u00fcberwiegend\u00a0 Ruhrdeutsch Deutsch <a class=\"mh-excerpt-more\" href=\"http:\/\/lexizille.ruhrbazille.de\/?page_id=182\" title=\"\">[&#8230;]<\/a><\/p>\n<\/div>","protected":false},"author":1,"featured_media":0,"parent":0,"menu_order":0,"comment_status":"closed","ping_status":"closed","template":"template-full.php","meta":[],"_links":{"self":[{"href":"http:\/\/lexizille.ruhrbazille.de\/index.php?rest_route=\/wp\/v2\/pages\/182"}],"collection":[{"href":"http:\/\/lexizille.ruhrbazille.de\/index.php?rest_route=\/wp\/v2\/pages"}],"about":[{"href":"http:\/\/lexizille.ruhrbazille.de\/index.php?rest_route=\/wp\/v2\/types\/page"}],"author":[{"embeddable":true,"href":"http:\/\/lexizille.ruhrbazille.de\/index.php?rest_route=\/wp\/v2\/users\/1"}],"replies":[{"embeddable":true,"href":"http:\/\/lexizille.ruhrbazille.de\/index.php?rest_route=%2Fwp%2Fv2%2Fcomments&post=182"}],"version-history":[{"count":36,"href":"http:\/\/lexizille.ruhrbazille.de\/index.php?rest_route=\/wp\/v2\/pages\/182\/revisions"}],"predecessor-version":[{"id":933,"href":"http:\/\/lexizille.ruhrbazille.de\/index.php?rest_route=\/wp\/v2\/pages\/182\/revisions\/933"}],"wp:attachment":[{"href":"http:\/\/lexizille.ruhrbazille.de\/index.php?rest_route=%2Fwp%2Fv2%2Fmedia&parent=182"}],"curies":[{"name":"wp","href":"https:\/\/api.w.org\/{rel}","templated":true}]}}