{"id":2,"date":"2016-05-10T03:48:21","date_gmt":"2016-05-10T03:48:21","guid":{"rendered":"http:\/\/lexizille.ruhrbazille.de\/?page_id=2"},"modified":"2022-01-14T01:18:26","modified_gmt":"2022-01-14T01:18:26","slug":"sample-page","status":"publish","type":"page","link":"http:\/\/lexizille.ruhrbazille.de\/?page_id=2","title":{"rendered":"Wat soll dat den hier werden? &#8230;."},"content":{"rendered":"<p>&#8230; dat werdeta schon sehn!<\/p>\n<p>Momentan arbeiten wa<\/p>\n<ol>\n<li>an unsa <a href=\"http:\/\/lexizille.ruhrbazille.de\/?page_id=182\">Pottw\u00f6rtabuch<\/a> A bis Z<\/li>\n<li>Lexikon Eintr\u00e4ge zu Botaniken im Ruhrgebiet. Also Natur, Sehensw\u00fcrdigkeiten, Radtrassen usw.<\/li>\n<\/ol>\n<p>Allet abba noch im Aufbau !!! Also Geduld Kumpels (m\/w\/d) <img decoding=\"async\" src=\"http:\/\/lexizille.ruhrbazille.de\/wp-content\/plugins\/best-editor\/plugins\/emoticons\/img\/smiley-cool.gif\" alt=\"cool\" \/><\/p>\n<p>&nbsp;<\/p>\n","protected":false},"excerpt":{"rendered":"<div class=\"mh-excerpt\"><p>&#8230; dat werdeta schon sehn! Momentan arbeiten wa an unsa Pottw\u00f6rtabuch A bis Z Lexikon Eintr\u00e4ge zu Botaniken im Ruhrgebiet. Also Natur, Sehensw\u00fcrdigkeiten, Radtrassen usw. <a class=\"mh-excerpt-more\" href=\"http:\/\/lexizille.ruhrbazille.de\/?page_id=2\" title=\"Wat soll dat den hier werden? &#8230;.\">[&#8230;]<\/a><\/p>\n<\/div>","protected":false},"author":1,"featured_media":0,"parent":0,"menu_order":2,"comment_status":"closed","ping_status":"open","template":"template-full.php","meta":[],"_links":{"self":[{"href":"http:\/\/lexizille.ruhrbazille.de\/index.php?rest_route=\/wp\/v2\/pages\/2"}],"collection":[{"href":"http:\/\/lexizille.ruhrbazille.de\/index.php?rest_route=\/wp\/v2\/pages"}],"about":[{"href":"http:\/\/lexizille.ruhrbazille.de\/index.php?rest_route=\/wp\/v2\/types\/page"}],"author":[{"embeddable":true,"href":"http:\/\/lexizille.ruhrbazille.de\/index.php?rest_route=\/wp\/v2\/users\/1"}],"replies":[{"embeddable":true,"href":"http:\/\/lexizille.ruhrbazille.de\/index.php?rest_route=%2Fwp%2Fv2%2Fcomments&post=2"}],"version-history":[{"count":7,"href":"http:\/\/lexizille.ruhrbazille.de\/index.php?rest_route=\/wp\/v2\/pages\/2\/revisions"}],"predecessor-version":[{"id":1255,"href":"http:\/\/lexizille.ruhrbazille.de\/index.php?rest_route=\/wp\/v2\/pages\/2\/revisions\/1255"}],"wp:attachment":[{"href":"http:\/\/lexizille.ruhrbazille.de\/index.php?rest_route=%2Fwp%2Fv2%2Fmedia&parent=2"}],"curies":[{"name":"wp","href":"https:\/\/api.w.org\/{rel}","templated":true}]}}