{"id":251,"date":"2020-02-07T00:38:36","date_gmt":"2020-02-07T00:38:36","guid":{"rendered":"http:\/\/lexizille.ruhrbazille.de\/?page_id=251"},"modified":"2021-05-05T01:19:10","modified_gmt":"2021-05-05T01:19:10","slug":"ruhrdeutsch-deutsch","status":"publish","type":"page","link":"http:\/\/lexizille.ruhrbazille.de\/?page_id=251","title":{"rendered":""},"content":{"rendered":"<p style=\"text-align: center;\"><div class=\"su-heading su-heading-style-default su-heading-align-center\" id=\"\" style=\"font-size:13px;margin-bottom:20px\"><div class=\"su-heading-inner\"><span style=\"font-size: 32px;\">Ruhrdeutsch (Pottsprache) &#8211; Hochdeutsch<\/span><\/p>\n<p style=\"text-align: center;\"><span style=\"font-size: 24px;\"><strong>Inhaltsverzeichnis<\/strong><\/span><\/div><\/div>\n<table style=\"border-collapse: collapse; width: 100%;\">\n<tbody>\n<tr>\n<td style=\"width: 50%;\"><span style=\"text-decoration: underline;\"><strong>Hinweise!<\/strong><\/span> Dat\u00a0 <em>Pott-W\u00f6rtabuch<\/em> is noch unvollst\u00e4ndig und wird nach Lust und Laune erweitert. \u00dcberall da, wo ihr dat Zeichen mitta Eule<img decoding=\"async\" loading=\"lazy\" src=\"http:\/\/lexizille.ruhrbazille.de\/wp-content\/uploads\/2020\/01\/Eule-alleine-kleiner300-150x150.jpg\" alt=\"\" class=\"wp-image-22 alignleft\" width=\"71\" height=\"71\" \/><em><\/em> hinta de W\u00f6rtas seht, hamwa ein Detaileintrag inne Lexizille hintalegt. Wenna auf die <span><strong>gro\u00dfen blauen<\/strong><\/span> Buchstaben\u00a0 klikkt, kommta zu allen Eintr\u00e4gen, die mit dem Buchstaben beginnen! Unta den blauen Buchstaben listen wir \u00fcberwiegend\u00a0 die Beitr\u00e4ge auf, zu denen es noch keine Detaileintr\u00e4ge gibt.<\/p>\n<p><strong><em>Bedeutungen:<\/em><\/strong> <em>RD<i class=\"fa fa-exchange \"><\/i>HD &#8211; Ruhrdeutsch und Hochdeutsch gleiche Aussprache u.o Schreibweise &#8211; Zeichen <i class=\"fa fa-caret-right \"><\/i> bedeutet, dat dat irgendwie zusammengeh\u00f6rt &#8211; <strong>oaA<\/strong>= oder andere Aussprache &#8211;<strong> Bsp<\/strong>=Beispiel &#8211; <strong>B.<\/strong> = Bedeutung<br \/>\n<\/em><\/td>\n<td style=\"width: 50%;\"><span><strong>\u00a0<\/strong> <\/span><\/p>\n<ul>\n<li style=\"text-align: center;\"><a href=\"http:\/\/lexizille.ruhrbazille.de\/?page_id=930\" class=\"su-button su-button-style-default\" style=\"color:#FFFFFF;background-color:#2D89EF;border-color:#246ec0;border-radius:5px;-moz-border-radius:5px;-webkit-border-radius:5px\" target=\"_self\"><span style=\"color:#FFFFFF;padding:0px 16px;font-size:13px;line-height:26px;border-color:#6cadf4;border-radius:5px;-moz-border-radius:5px;-webkit-border-radius:5px;text-shadow:none;-moz-text-shadow:none;-webkit-text-shadow:none\">  A bis D <\/span><\/a><\/li>\n<li style=\"text-align: center;\"><a href=\"http:\/\/lexizille.ruhrbazille.de\/?page_id=930&amp;page=2\" class=\"su-button su-button-style-default\" style=\"color:#FFFFFF;background-color:#2D89EF;border-color:#246ec0;border-radius:5px;-moz-border-radius:5px;-webkit-border-radius:5px\" target=\"_self\"><span style=\"color:#FFFFFF;padding:0px 16px;font-size:13px;line-height:26px;border-color:#6cadf4;border-radius:5px;-moz-border-radius:5px;-webkit-border-radius:5px;text-shadow:none;-moz-text-shadow:none;-webkit-text-shadow:none\">  E bis G <\/span><\/a><\/li>\n<li style=\"text-align: center;\"><a href=\"http:\/\/lexizille.ruhrbazille.de\/?page_id=930&amp;page=3\" class=\"su-button su-button-style-default\" style=\"color:#FFFFFF;background-color:#2D89EF;border-color:#246ec0;border-radius:5px;-moz-border-radius:5px;-webkit-border-radius:5px\" target=\"_self\"><span style=\"color:#FFFFFF;padding:0px 16px;font-size:13px;line-height:26px;border-color:#6cadf4;border-radius:5px;-moz-border-radius:5px;-webkit-border-radius:5px;text-shadow:none;-moz-text-shadow:none;-webkit-text-shadow:none\">  H bis L <\/span><\/a><\/li>\n<li style=\"text-align: center;\"><a href=\"http:\/\/lexizille.ruhrbazille.de\/?page_id=930&amp;page=4\" class=\"su-button su-button-style-default\" style=\"color:#FFFFFF;background-color:#2D89EF;border-color:#246ec0;border-radius:5px;-moz-border-radius:5px;-webkit-border-radius:5px\" target=\"_self\"><span style=\"color:#FFFFFF;padding:0px 16px;font-size:13px;line-height:26px;border-color:#6cadf4;border-radius:5px;-moz-border-radius:5px;-webkit-border-radius:5px;text-shadow:none;-moz-text-shadow:none;-webkit-text-shadow:none\">  M bis P <\/span><\/a><\/li>\n<li style=\"text-align: center;\"><a href=\"http:\/\/lexizille.ruhrbazille.de\/?page_id=930&amp;page=5\" class=\"su-button su-button-style-default\" style=\"color:#FFFFFF;background-color:#2D89EF;border-color:#246ec0;border-radius:5px;-moz-border-radius:5px;-webkit-border-radius:5px\" target=\"_self\"><span style=\"color:#FFFFFF;padding:0px 16px;font-size:13px;line-height:26px;border-color:#6cadf4;border-radius:5px;-moz-border-radius:5px;-webkit-border-radius:5px;text-shadow:none;-moz-text-shadow:none;-webkit-text-shadow:none\">  Q bis T <\/span><\/a><\/li>\n<li style=\"text-align: center;\"><a href=\"http:\/\/lexizille.ruhrbazille.de\/?page_id=930&amp;page=6\" class=\"su-button su-button-style-default\" style=\"color:#FFFFFF;background-color:#2D89EF;border-color:#246ec0;border-radius:5px;-moz-border-radius:5px;-webkit-border-radius:5px\" target=\"_self\"><span style=\"color:#FFFFFF;padding:0px 16px;font-size:13px;line-height:26px;border-color:#6cadf4;border-radius:5px;-moz-border-radius:5px;-webkit-border-radius:5px;text-shadow:none;-moz-text-shadow:none;-webkit-text-shadow:none\">  U bis Z <\/span><\/a><\/li>\n<\/ul>\n<ul>\n<li style=\"list-style-type: none;\">\n<ul><\/ul>\n<\/li>\n<\/ul>\n<\/td>\n<\/tr>\n<\/tbody>\n<\/table>\n<ul>\n<li style=\"list-style-type: none;\">\n<ul><\/ul>\n<\/li>\n<\/ul>\n<div style=\"all: initial;\" class=\"notranslate\"><\/div>\n<div style=\"all: initial;\" class=\"notranslate\"><\/div>\n","protected":false},"excerpt":{"rendered":"<div class=\"mh-excerpt\"><p>Hinweise! Dat\u00a0 Pott-W\u00f6rtabuch is noch unvollst\u00e4ndig und wird nach Lust und Laune erweitert. \u00dcberall da, wo ihr dat Zeichen mitta Eule hinta de W\u00f6rtas seht, <a class=\"mh-excerpt-more\" href=\"http:\/\/lexizille.ruhrbazille.de\/?page_id=251\" title=\"\">[&#8230;]<\/a><\/p>\n<\/div>","protected":false},"author":1,"featured_media":701,"parent":56,"menu_order":2,"comment_status":"closed","ping_status":"closed","template":"template-full.php","meta":[],"_links":{"self":[{"href":"http:\/\/lexizille.ruhrbazille.de\/index.php?rest_route=\/wp\/v2\/pages\/251"}],"collection":[{"href":"http:\/\/lexizille.ruhrbazille.de\/index.php?rest_route=\/wp\/v2\/pages"}],"about":[{"href":"http:\/\/lexizille.ruhrbazille.de\/index.php?rest_route=\/wp\/v2\/types\/page"}],"author":[{"embeddable":true,"href":"http:\/\/lexizille.ruhrbazille.de\/index.php?rest_route=\/wp\/v2\/users\/1"}],"replies":[{"embeddable":true,"href":"http:\/\/lexizille.ruhrbazille.de\/index.php?rest_route=%2Fwp%2Fv2%2Fcomments&post=251"}],"version-history":[{"count":74,"href":"http:\/\/lexizille.ruhrbazille.de\/index.php?rest_route=\/wp\/v2\/pages\/251\/revisions"}],"predecessor-version":[{"id":1129,"href":"http:\/\/lexizille.ruhrbazille.de\/index.php?rest_route=\/wp\/v2\/pages\/251\/revisions\/1129"}],"up":[{"embeddable":true,"href":"http:\/\/lexizille.ruhrbazille.de\/index.php?rest_route=\/wp\/v2\/pages\/56"}],"wp:featuredmedia":[{"embeddable":true,"href":"http:\/\/lexizille.ruhrbazille.de\/index.php?rest_route=\/wp\/v2\/media\/701"}],"wp:attachment":[{"href":"http:\/\/lexizille.ruhrbazille.de\/index.php?rest_route=%2Fwp%2Fv2%2Fmedia&parent=251"}],"curies":[{"name":"wp","href":"https:\/\/api.w.org\/{rel}","templated":true}]}}