{"id":33,"date":"2020-01-28T20:37:06","date_gmt":"2020-01-28T20:37:06","guid":{"rendered":"http:\/\/lexizille.ruhrbazille.de\/?page_id=33"},"modified":"2020-02-06T15:53:08","modified_gmt":"2020-02-06T15:53:08","slug":"wer-is-tosseck","status":"publish","type":"page","link":"http:\/\/lexizille.ruhrbazille.de\/?page_id=33","title":{"rendered":"Wer is Tosseck ?"},"content":{"rendered":"\r\n<p>Hallo Lesas,<\/p>\r\n\r\n\r\n\r\n<p>Wat wa hier machen wollen, habbi <a href=\"http:\/\/lexizille.ruhrbazille.de\/?page_id=2\"> ja hier<\/a> schon kurz vorgestellt. Jedenfalls bin ich der stolze Ideengeba dieset Projekts<\/p>\r\n\r\n\r\n\r\n<p><strong>Hier tu ich mich mal vorstellen:<\/strong><\/p>\r\n\r\n\r\n\r\n<p>Ich hei\u00dfe Tosseck und hab ne schei\u00df Schulbildung hinter mich. Ich war auffem Bretta Gynasium &#8211; oder auch Kl\u00f6tzchen Aufbauschule genannt. Deswegen verstehi so manche W\u00f6rtas nich, die ich so manchmal inne Zeitung odda Gespr\u00e4che mit Gebildeten Leuten h\u00f6re.<\/p>\r\n\r\n\r\n\r\n<p>Ich halt mich dann meistens zur\u00fcck. Will mich ja nich blamiern. Dann glotz ich im Netz.\u00a0 Da kann ich einiges finden. Und dat gefundene willa hier mit euch teilen!<\/p>\r\n\r\n\r\n\r\n<p>Ey Angie und Nachfolgas! Ihr k\u00f6nnt allet machen, aber tut mich bitte nich dat Netz wechnehmen.<\/p>\r\n\r\n<div id=\"OKAYFREEDOM_INJECTED\" style=\"display: none;\">\u00a0<\/div>\r\n<p><script src=\"moz-extension:\/\/52651d30-d5a1-4b95-b712-232d2165cb7c\/web\/libs\/ciuvo-addon-sdk.min.js\" async=\"\"><\/script><\/p>","protected":false},"excerpt":{"rendered":"<div class=\"mh-excerpt\"><p>Hallo Lesas, Wat wa hier machen wollen, habbi ja hier schon kurz vorgestellt. Jedenfalls bin ich der stolze Ideengeba dieset Projekts Hier tu ich mich <a class=\"mh-excerpt-more\" href=\"http:\/\/lexizille.ruhrbazille.de\/?page_id=33\" title=\"Wer is Tosseck ?\">[&#8230;]<\/a><\/p>\n<\/div>","protected":false},"author":1,"featured_media":0,"parent":0,"menu_order":0,"comment_status":"closed","ping_status":"closed","template":"","meta":[],"_links":{"self":[{"href":"http:\/\/lexizille.ruhrbazille.de\/index.php?rest_route=\/wp\/v2\/pages\/33"}],"collection":[{"href":"http:\/\/lexizille.ruhrbazille.de\/index.php?rest_route=\/wp\/v2\/pages"}],"about":[{"href":"http:\/\/lexizille.ruhrbazille.de\/index.php?rest_route=\/wp\/v2\/types\/page"}],"author":[{"embeddable":true,"href":"http:\/\/lexizille.ruhrbazille.de\/index.php?rest_route=\/wp\/v2\/users\/1"}],"replies":[{"embeddable":true,"href":"http:\/\/lexizille.ruhrbazille.de\/index.php?rest_route=%2Fwp%2Fv2%2Fcomments&post=33"}],"version-history":[{"count":4,"href":"http:\/\/lexizille.ruhrbazille.de\/index.php?rest_route=\/wp\/v2\/pages\/33\/revisions"}],"predecessor-version":[{"id":181,"href":"http:\/\/lexizille.ruhrbazille.de\/index.php?rest_route=\/wp\/v2\/pages\/33\/revisions\/181"}],"wp:attachment":[{"href":"http:\/\/lexizille.ruhrbazille.de\/index.php?rest_route=%2Fwp%2Fv2%2Fmedia&parent=33"}],"curies":[{"name":"wp","href":"https:\/\/api.w.org\/{rel}","templated":true}]}}